{"id":7300,"date":"2024-09-23T08:21:18","date_gmt":"2024-09-23T08:21:18","guid":{"rendered":"https:\/\/www.dahe-tal.com\/?post_type=product&#038;p=7300"},"modified":"2024-10-22T06:19:20","modified_gmt":"2024-10-22T06:19:20","slug":"circular-dispensing-machine-double-station","status":"publish","type":"product","link":"https:\/\/www.dahe-tal.com\/es\/producto\/maquina-dispensadora-circular-de-doble-estacion\/","title":{"rendered":"M\u00e1quina dispensadora circular de doble estaci\u00f3n"},"content":{"rendered":"<h3>Ventajas del equipo:<\/h3>\n<ul>\n<li>Controlado por tarjeta de control de movimiento, operado por control manual, configuraci\u00f3n de par\u00e1metros simple y f\u00e1cil.<\/li>\n<li>El plato giratorio doble tiene una mayor eficiencia de producci\u00f3n.<\/li>\n<li>Equipado con m\u00e1quina de pegamento termofusible de gran capacidad de 20KG20CC.<\/li>\n<li>Pistola raspadora con raspador multiagujero en espiga, mejor control de la salida de pegamento.<\/li>\n<\/ul>\n<h3>Filtros adecuados para la producci\u00f3n:<\/h3>\n<p>&nbsp;<\/p>\n<p><img fetchpriority=\"high\" decoding=\"async\" class=\"alignnone wp-image-7585 size-large\" src=\"https:\/\/www.dahe-tal.com\/wp-content\/uploads\/2024\/10\/Application-scenarios-of-household-vacuum-cleaner-filters-4-1024x683.jpeg\" alt=\"Escenarios de aplicaci\u00f3n de los filtros de aspiradoras dom\u00e9sticas\" width=\"1024\" height=\"683\" srcset=\"https:\/\/www.dahe-tal.com\/wp-content\/uploads\/2024\/10\/Application-scenarios-of-household-vacuum-cleaner-filters-4-1024x683.jpeg 1024w, https:\/\/www.dahe-tal.com\/wp-content\/uploads\/2024\/10\/Application-scenarios-of-household-vacuum-cleaner-filters-4-768x513.jpeg 768w, https:\/\/www.dahe-tal.com\/wp-content\/uploads\/2024\/10\/Application-scenarios-of-household-vacuum-cleaner-filters-4-600x400.jpeg 600w, https:\/\/www.dahe-tal.com\/wp-content\/uploads\/2024\/10\/Application-scenarios-of-household-vacuum-cleaner-filters-4.jpeg 1500w\" sizes=\"(max-width: 1024px) 100vw, 1024px\" \/><\/p>\n<p><img decoding=\"async\" class=\"alignnone wp-image-7579 size-large\" src=\"https:\/\/www.dahe-tal.com\/wp-content\/uploads\/2024\/10\/Application-scenarios-of-household-vacuum-cleaner-filters-3-1024x683.jpeg\" alt=\"Escenarios de aplicaci\u00f3n de los filtros de aspiradoras dom\u00e9sticas\" width=\"1024\" height=\"683\" srcset=\"https:\/\/www.dahe-tal.com\/wp-content\/uploads\/2024\/10\/Application-scenarios-of-household-vacuum-cleaner-filters-3-1024x683.jpeg 1024w, https:\/\/www.dahe-tal.com\/wp-content\/uploads\/2024\/10\/Application-scenarios-of-household-vacuum-cleaner-filters-3-768x512.jpeg 768w, https:\/\/www.dahe-tal.com\/wp-content\/uploads\/2024\/10\/Application-scenarios-of-household-vacuum-cleaner-filters-3-600x400.jpeg 600w, https:\/\/www.dahe-tal.com\/wp-content\/uploads\/2024\/10\/Application-scenarios-of-household-vacuum-cleaner-filters-3.jpeg 1500w\" sizes=\"(max-width: 1024px) 100vw, 1024px\" \/><\/p>","protected":false},"excerpt":{"rendered":"<h2>Uso del equipo:<\/h2>\n<p>Para inyectar tapones de punta redonda se utiliza una m\u00e1quina dosificadora circular de doble estaci\u00f3n.<\/p>\n<h3>Par\u00e1metros del equipo:<\/h3>\n<p><img decoding=\"async\" class=\"alignnone wp-image-8055 size-full\" src=\"https:\/\/www.dahe-tal.com\/wp-content\/uploads\/2024\/09\/Parameters-of-the-Circular-dispensing-machine-double-station.jpg\" alt=\"Par\u00e1metros de la m\u00e1quina dispensadora circular de doble estaci\u00f3n\" width=\"694\" height=\"209\" srcset=\"https:\/\/www.dahe-tal.com\/wp-content\/uploads\/2024\/09\/Parameters-of-the-Circular-dispensing-machine-double-station.jpg 694w, https:\/\/www.dahe-tal.com\/wp-content\/uploads\/2024\/09\/Parameters-of-the-Circular-dispensing-machine-double-station-18x5.jpg 18w, https:\/\/www.dahe-tal.com\/wp-content\/uploads\/2024\/09\/Parameters-of-the-Circular-dispensing-machine-double-station-600x181.jpg 600w\" sizes=\"(max-width: 694px) 100vw, 694px\" \/><\/p>","protected":false},"featured_media":7301,"comment_status":"open","ping_status":"closed","template":"","meta":{"site-sidebar-layout":"default","site-content-layout":"","ast-site-content-layout":"full-width-container","site-content-style":"default","site-sidebar-style":"default","ast-global-header-display":"","ast-banner-title-visibility":"","ast-main-header-display":"","ast-hfb-above-header-display":"","ast-hfb-below-header-display":"","ast-hfb-mobile-header-display":"","site-post-title":"","ast-breadcrumbs-content":"","ast-featured-img":"","footer-sml-layout":"","theme-transparent-header-meta":"default","adv-header-id-meta":"","stick-header-meta":"","header-above-stick-meta":"","header-main-stick-meta":"","header-below-stick-meta":"","astra-migrate-meta-layouts":"set","ast-page-background-enabled":"default","ast-page-background-meta":{"desktop":{"background-color":"var(--ast-global-color-4)","background-image":"","background-repeat":"repeat","background-position":"center center","background-size":"auto","background-attachment":"scroll","background-type":"","background-media":"","overlay-type":"","overlay-color":"","overlay-opacity":"","overlay-gradient":""},"tablet":{"background-color":"","background-image":"","background-repeat":"repeat","background-position":"center center","background-size":"auto","background-attachment":"scroll","background-type":"","background-media":"","overlay-type":"","overlay-color":"","overlay-opacity":"","overlay-gradient":""},"mobile":{"background-color":"","background-image":"","background-repeat":"repeat","background-position":"center center","background-size":"auto","background-attachment":"scroll","background-type":"","background-media":"","overlay-type":"","overlay-color":"","overlay-opacity":"","overlay-gradient":""}},"ast-content-background-meta":{"desktop":{"background-color":"var(--ast-global-color-5)","background-image":"","background-repeat":"repeat","background-position":"center center","background-size":"auto","background-attachment":"scroll","background-type":"","background-media":"","overlay-type":"","overlay-color":"","overlay-opacity":"","overlay-gradient":""},"tablet":{"background-color":"var(--ast-global-color-5)","background-image":"","background-repeat":"repeat","background-position":"center center","background-size":"auto","background-attachment":"scroll","background-type":"","background-media":"","overlay-type":"","overlay-color":"","overlay-opacity":"","overlay-gradient":""},"mobile":{"background-color":"var(--ast-global-color-5)","background-image":"","background-repeat":"repeat","background-position":"center center","background-size":"auto","background-attachment":"scroll","background-type":"","background-media":"","overlay-type":"","overlay-color":"","overlay-opacity":"","overlay-gradient":""}}},"product_cat":[44],"product_tag":[73],"class_list":{"0":"post-7300","1":"product","2":"type-product","3":"status-publish","4":"has-post-thumbnail","6":"product_cat-square-filter-equipment","7":"product_tag-circular-dispensing-machine-double-station","8":"desktop-align-left","9":"tablet-align-left","10":"mobile-align-left","12":"first","13":"instock","14":"shipping-taxable","15":"product-type-simple"},"yoast_head":"<!-- This site is optimized with the Yoast SEO plugin v23.2 - https:\/\/yoast.com\/wordpress\/plugins\/seo\/ -->\n<title>Circular dispensing machine-double station - Dahe Intelligent filter production equipment<\/title>\n<meta name=\"robots\" content=\"index, follow, max-snippet:-1, max-image-preview:large, max-video-preview:-1\" \/>\n<link rel=\"canonical\" href=\"https:\/\/www.dahe-tal.com\/es\/producto\/maquina-dispensadora-circular-de-doble-estacion\/\" \/>\n<meta property=\"og:locale\" content=\"es_ES\" \/>\n<meta property=\"og:type\" content=\"article\" \/>\n<meta property=\"og:title\" content=\"Circular dispensing machine-double station - Dahe Intelligent filter production equipment\" \/>\n<meta property=\"og:description\" content=\"Equipment use: A circular dispensing machine-double station is used to inject round-end caps. Equipment parameters:\" \/>\n<meta property=\"og:url\" content=\"https:\/\/www.dahe-tal.com\/es\/producto\/maquina-dispensadora-circular-de-doble-estacion\/\" \/>\n<meta property=\"og:site_name\" content=\"Dahe Intelligent filter production equipment\" \/>\n<meta property=\"article:modified_time\" content=\"2024-10-22T06:19:20+00:00\" \/>\n<meta property=\"og:image\" content=\"https:\/\/www.dahe-tal.com\/wp-content\/uploads\/2024\/09\/Circular-dispensing-machine-double-station.png\" \/>\n\t<meta property=\"og:image:width\" content=\"617\" \/>\n\t<meta property=\"og:image:height\" content=\"762\" \/>\n\t<meta property=\"og:image:type\" content=\"image\/png\" \/>\n<meta name=\"twitter:card\" content=\"summary_large_image\" \/>\n<meta name=\"twitter:label1\" content=\"Tiempo de lectura\" \/>\n\t<meta name=\"twitter:data1\" content=\"1 minuto\" \/>\n<script type=\"application\/ld+json\" class=\"yoast-schema-graph\">{\"@context\":\"https:\/\/schema.org\",\"@graph\":[{\"@type\":\"WebPage\",\"@id\":\"https:\/\/www.dahe-tal.com\/product\/circular-dispensing-machine-double-station\/\",\"url\":\"https:\/\/www.dahe-tal.com\/product\/circular-dispensing-machine-double-station\/\",\"name\":\"Circular dispensing machine-double station - Dahe Intelligent filter production equipment\",\"isPartOf\":{\"@id\":\"https:\/\/www.dahe-tal.com\/#website\"},\"primaryImageOfPage\":{\"@id\":\"https:\/\/www.dahe-tal.com\/product\/circular-dispensing-machine-double-station\/#primaryimage\"},\"image\":{\"@id\":\"https:\/\/www.dahe-tal.com\/product\/circular-dispensing-machine-double-station\/#primaryimage\"},\"thumbnailUrl\":\"https:\/\/www.dahe-tal.com\/wp-content\/uploads\/2024\/09\/Circular-dispensing-machine-double-station.png\",\"datePublished\":\"2024-09-23T08:21:18+00:00\",\"dateModified\":\"2024-10-22T06:19:20+00:00\",\"breadcrumb\":{\"@id\":\"https:\/\/www.dahe-tal.com\/product\/circular-dispensing-machine-double-station\/#breadcrumb\"},\"inLanguage\":\"es\",\"potentialAction\":[{\"@type\":\"ReadAction\",\"target\":[\"https:\/\/www.dahe-tal.com\/product\/circular-dispensing-machine-double-station\/\"]}]},{\"@type\":\"ImageObject\",\"inLanguage\":\"es\",\"@id\":\"https:\/\/www.dahe-tal.com\/product\/circular-dispensing-machine-double-station\/#primaryimage\",\"url\":\"https:\/\/www.dahe-tal.com\/wp-content\/uploads\/2024\/09\/Circular-dispensing-machine-double-station.png\",\"contentUrl\":\"https:\/\/www.dahe-tal.com\/wp-content\/uploads\/2024\/09\/Circular-dispensing-machine-double-station.png\",\"width\":617,\"height\":762,\"caption\":\"Circular dispensing machine-double station\"},{\"@type\":\"BreadcrumbList\",\"@id\":\"https:\/\/www.dahe-tal.com\/product\/circular-dispensing-machine-double-station\/#breadcrumb\",\"itemListElement\":[{\"@type\":\"ListItem\",\"position\":1,\"name\":\"Home\",\"item\":\"https:\/\/www.dahe-tal.com\/\"},{\"@type\":\"ListItem\",\"position\":2,\"name\":\"Products\",\"item\":\"https:\/\/www.dahe-tal.com\/shop__trashed\/\"},{\"@type\":\"ListItem\",\"position\":3,\"name\":\"Circular dispensing machine-double station\"}]},{\"@type\":\"WebSite\",\"@id\":\"https:\/\/www.dahe-tal.com\/#website\",\"url\":\"https:\/\/www.dahe-tal.com\/\",\"name\":\"Dahe Intelligent filter production equipment\",\"description\":\"\",\"publisher\":{\"@id\":\"https:\/\/www.dahe-tal.com\/#organization\"},\"potentialAction\":[{\"@type\":\"SearchAction\",\"target\":{\"@type\":\"EntryPoint\",\"urlTemplate\":\"https:\/\/www.dahe-tal.com\/?s={search_term_string}\"},\"query-input\":\"required name=search_term_string\"}],\"inLanguage\":\"es\"},{\"@type\":\"Organization\",\"@id\":\"https:\/\/www.dahe-tal.com\/#organization\",\"name\":\"Dahe Intelligent filter production equipment\",\"url\":\"https:\/\/www.dahe-tal.com\/\",\"logo\":{\"@type\":\"ImageObject\",\"inLanguage\":\"es\",\"@id\":\"https:\/\/www.dahe-tal.com\/#\/schema\/logo\/image\/\",\"url\":\"https:\/\/www.dahe-tal.com\/wp-content\/uploads\/2024\/07\/\u56fe\u72471-1.jpg\",\"contentUrl\":\"https:\/\/www.dahe-tal.com\/wp-content\/uploads\/2024\/07\/\u56fe\u72471-1.jpg\",\"width\":1042,\"height\":386,\"caption\":\"Dahe Intelligent filter production equipment\"},\"image\":{\"@id\":\"https:\/\/www.dahe-tal.com\/#\/schema\/logo\/image\/\"}}]}<\/script>\n<!-- \/ Yoast SEO plugin. -->","yoast_head_json":{"title":"Circular dispensing machine-double station - Dahe Intelligent filter production equipment","robots":{"index":"index","follow":"follow","max-snippet":"max-snippet:-1","max-image-preview":"max-image-preview:large","max-video-preview":"max-video-preview:-1"},"canonical":"https:\/\/www.dahe-tal.com\/es\/producto\/maquina-dispensadora-circular-de-doble-estacion\/","og_locale":"es_ES","og_type":"article","og_title":"Circular dispensing machine-double station - Dahe Intelligent filter production equipment","og_description":"Equipment use: A circular dispensing machine-double station is used to inject round-end caps. Equipment parameters:","og_url":"https:\/\/www.dahe-tal.com\/es\/producto\/maquina-dispensadora-circular-de-doble-estacion\/","og_site_name":"Dahe Intelligent filter production equipment","article_modified_time":"2024-10-22T06:19:20+00:00","og_image":[{"width":617,"height":762,"url":"https:\/\/www.dahe-tal.com\/wp-content\/uploads\/2024\/09\/Circular-dispensing-machine-double-station.png","type":"image\/png"}],"twitter_card":"summary_large_image","twitter_misc":{"Tiempo de lectura":"1 minuto"},"schema":{"@context":"https:\/\/schema.org","@graph":[{"@type":"WebPage","@id":"https:\/\/www.dahe-tal.com\/product\/circular-dispensing-machine-double-station\/","url":"https:\/\/www.dahe-tal.com\/product\/circular-dispensing-machine-double-station\/","name":"Circular dispensing machine-double station - Dahe Intelligent filter production equipment","isPartOf":{"@id":"https:\/\/www.dahe-tal.com\/#website"},"primaryImageOfPage":{"@id":"https:\/\/www.dahe-tal.com\/product\/circular-dispensing-machine-double-station\/#primaryimage"},"image":{"@id":"https:\/\/www.dahe-tal.com\/product\/circular-dispensing-machine-double-station\/#primaryimage"},"thumbnailUrl":"https:\/\/www.dahe-tal.com\/wp-content\/uploads\/2024\/09\/Circular-dispensing-machine-double-station.png","datePublished":"2024-09-23T08:21:18+00:00","dateModified":"2024-10-22T06:19:20+00:00","breadcrumb":{"@id":"https:\/\/www.dahe-tal.com\/product\/circular-dispensing-machine-double-station\/#breadcrumb"},"inLanguage":"es","potentialAction":[{"@type":"ReadAction","target":["https:\/\/www.dahe-tal.com\/product\/circular-dispensing-machine-double-station\/"]}]},{"@type":"ImageObject","inLanguage":"es","@id":"https:\/\/www.dahe-tal.com\/product\/circular-dispensing-machine-double-station\/#primaryimage","url":"https:\/\/www.dahe-tal.com\/wp-content\/uploads\/2024\/09\/Circular-dispensing-machine-double-station.png","contentUrl":"https:\/\/www.dahe-tal.com\/wp-content\/uploads\/2024\/09\/Circular-dispensing-machine-double-station.png","width":617,"height":762,"caption":"Circular dispensing machine-double station"},{"@type":"BreadcrumbList","@id":"https:\/\/www.dahe-tal.com\/product\/circular-dispensing-machine-double-station\/#breadcrumb","itemListElement":[{"@type":"ListItem","position":1,"name":"Home","item":"https:\/\/www.dahe-tal.com\/"},{"@type":"ListItem","position":2,"name":"Products","item":"https:\/\/www.dahe-tal.com\/shop__trashed\/"},{"@type":"ListItem","position":3,"name":"Circular dispensing machine-double station"}]},{"@type":"WebSite","@id":"https:\/\/www.dahe-tal.com\/#website","url":"https:\/\/www.dahe-tal.com\/","name":"Dahe Intelligent filter production equipment","description":"","publisher":{"@id":"https:\/\/www.dahe-tal.com\/#organization"},"potentialAction":[{"@type":"SearchAction","target":{"@type":"EntryPoint","urlTemplate":"https:\/\/www.dahe-tal.com\/?s={search_term_string}"},"query-input":"required name=search_term_string"}],"inLanguage":"es"},{"@type":"Organization","@id":"https:\/\/www.dahe-tal.com\/#organization","name":"Dahe Intelligent filter production equipment","url":"https:\/\/www.dahe-tal.com\/","logo":{"@type":"ImageObject","inLanguage":"es","@id":"https:\/\/www.dahe-tal.com\/#\/schema\/logo\/image\/","url":"https:\/\/www.dahe-tal.com\/wp-content\/uploads\/2024\/07\/\u56fe\u72471-1.jpg","contentUrl":"https:\/\/www.dahe-tal.com\/wp-content\/uploads\/2024\/07\/\u56fe\u72471-1.jpg","width":1042,"height":386,"caption":"Dahe Intelligent filter production equipment"},"image":{"@id":"https:\/\/www.dahe-tal.com\/#\/schema\/logo\/image\/"}}]}},"_links":{"self":[{"href":"https:\/\/www.dahe-tal.com\/es\/wp-json\/wp\/v2\/product\/7300","targetHints":{"allow":["GET"]}}],"collection":[{"href":"https:\/\/www.dahe-tal.com\/es\/wp-json\/wp\/v2\/product"}],"about":[{"href":"https:\/\/www.dahe-tal.com\/es\/wp-json\/wp\/v2\/types\/product"}],"replies":[{"embeddable":true,"href":"https:\/\/www.dahe-tal.com\/es\/wp-json\/wp\/v2\/comments?post=7300"}],"version-history":[{"count":3,"href":"https:\/\/www.dahe-tal.com\/es\/wp-json\/wp\/v2\/product\/7300\/revisions"}],"predecessor-version":[{"id":8057,"href":"https:\/\/www.dahe-tal.com\/es\/wp-json\/wp\/v2\/product\/7300\/revisions\/8057"}],"wp:featuredmedia":[{"embeddable":true,"href":"https:\/\/www.dahe-tal.com\/es\/wp-json\/wp\/v2\/media\/7301"}],"wp:attachment":[{"href":"https:\/\/www.dahe-tal.com\/es\/wp-json\/wp\/v2\/media?parent=7300"}],"wp:term":[{"taxonomy":"product_cat","embeddable":true,"href":"https:\/\/www.dahe-tal.com\/es\/wp-json\/wp\/v2\/product_cat?post=7300"},{"taxonomy":"product_tag","embeddable":true,"href":"https:\/\/www.dahe-tal.com\/es\/wp-json\/wp\/v2\/product_tag?post=7300"}],"curies":[{"name":"wp","href":"https:\/\/api.w.org\/{rel}","templated":true}]}}