{"id":7306,"date":"2024-09-23T08:46:36","date_gmt":"2024-09-23T08:46:36","guid":{"rendered":"https:\/\/www.dahe-tal.com\/?post_type=product&#038;p=7306"},"modified":"2024-10-22T05:47:55","modified_gmt":"2024-10-22T05:47:55","slug":"black-cardboard-folding-machine","status":"publish","type":"product","link":"https:\/\/www.dahe-tal.com\/de\/produkt\/schwarze-kartonfaltmaschine\/","title":{"rendered":"Schwarze Kartonfaltmaschine"},"content":{"rendered":"<h3>Vorteile der Ausr\u00fcstung:<\/h3>\n<ul>\n<li>Die schwarze Kartonfalzmaschine verf\u00fcgt \u00fcber gute mechanische Eigenschaften, ist einfach und leicht zu bedienen und hinterl\u00e4sst keine Kratzer oder Spuren auf dem Papier.<\/li>\n<\/ul>\n<h3>Passende Filter f\u00fcr die Produktion:<\/h3>\n<p>&nbsp;<\/p>\n<p><img fetchpriority=\"high\" decoding=\"async\" class=\"alignnone wp-image-7961\" src=\"https:\/\/www.dahe-tal.com\/wp-content\/uploads\/2024\/10\/Square-Household-Air-Filter.jpg\" alt=\"Quadratischer Haushaltsluftfilter\" width=\"1023\" height=\"575\" srcset=\"https:\/\/www.dahe-tal.com\/wp-content\/uploads\/2024\/10\/Square-Household-Air-Filter.jpg 1000w, https:\/\/www.dahe-tal.com\/wp-content\/uploads\/2024\/10\/Square-Household-Air-Filter-768x432.jpg 768w, https:\/\/www.dahe-tal.com\/wp-content\/uploads\/2024\/10\/Square-Household-Air-Filter-18x10.jpg 18w, https:\/\/www.dahe-tal.com\/wp-content\/uploads\/2024\/10\/Square-Household-Air-Filter-600x337.jpg 600w\" sizes=\"(max-width: 1023px) 100vw, 1023px\" \/><\/p>\n<p><img decoding=\"async\" class=\"alignnone wp-image-7960 size-large\" src=\"https:\/\/www.dahe-tal.com\/wp-content\/uploads\/2024\/10\/Square-Household-Air-Filter-1-1024x512.webp\" alt=\"Quadratischer Haushaltsluftfilter 1\" width=\"1024\" height=\"512\" srcset=\"https:\/\/www.dahe-tal.com\/wp-content\/uploads\/2024\/10\/Square-Household-Air-Filter-1-1024x512.webp 1024w, https:\/\/www.dahe-tal.com\/wp-content\/uploads\/2024\/10\/Square-Household-Air-Filter-1-768x384.webp 768w, https:\/\/www.dahe-tal.com\/wp-content\/uploads\/2024\/10\/Square-Household-Air-Filter-1-18x9.webp 18w, https:\/\/www.dahe-tal.com\/wp-content\/uploads\/2024\/10\/Square-Household-Air-Filter-1-600x300.webp 600w, https:\/\/www.dahe-tal.com\/wp-content\/uploads\/2024\/10\/Square-Household-Air-Filter-1.webp 1200w\" sizes=\"(max-width: 1024px) 100vw, 1024px\" \/><\/p>","protected":false},"excerpt":{"rendered":"<h2>Ger\u00e4tenutzung:<\/h2>\n<p>Die schwarze Kartonfaltmaschine dient zur Herstellung von 90-Grad-Faltungen des Papierrahmens des HEPA-Filters.<\/p>\n<h3>Ger\u00e4teparameter:<\/h3>\n<p><img decoding=\"async\" class=\"alignnone wp-image-8043 size-full\" src=\"https:\/\/www.dahe-tal.com\/wp-content\/uploads\/2024\/09\/Parameters-of-the-Black-cardboard-folding-machine.jpg\" alt=\"Parameter der Faltmaschine f\u00fcr schwarzen Karton\" width=\"694\" height=\"416\" srcset=\"https:\/\/www.dahe-tal.com\/wp-content\/uploads\/2024\/09\/Parameters-of-the-Black-cardboard-folding-machine.jpg 694w, https:\/\/www.dahe-tal.com\/wp-content\/uploads\/2024\/09\/Parameters-of-the-Black-cardboard-folding-machine-18x12.jpg 18w, https:\/\/www.dahe-tal.com\/wp-content\/uploads\/2024\/09\/Parameters-of-the-Black-cardboard-folding-machine-600x360.jpg 600w\" sizes=\"(max-width: 694px) 100vw, 694px\" \/><\/p>","protected":false},"featured_media":7309,"comment_status":"open","ping_status":"closed","template":"","meta":{"site-sidebar-layout":"default","site-content-layout":"","ast-site-content-layout":"full-width-container","site-content-style":"default","site-sidebar-style":"default","ast-global-header-display":"","ast-banner-title-visibility":"","ast-main-header-display":"","ast-hfb-above-header-display":"","ast-hfb-below-header-display":"","ast-hfb-mobile-header-display":"","site-post-title":"","ast-breadcrumbs-content":"","ast-featured-img":"","footer-sml-layout":"","theme-transparent-header-meta":"default","adv-header-id-meta":"","stick-header-meta":"","header-above-stick-meta":"","header-main-stick-meta":"","header-below-stick-meta":"","astra-migrate-meta-layouts":"set","ast-page-background-enabled":"default","ast-page-background-meta":{"desktop":{"background-color":"var(--ast-global-color-4)","background-image":"","background-repeat":"repeat","background-position":"center center","background-size":"auto","background-attachment":"scroll","background-type":"","background-media":"","overlay-type":"","overlay-color":"","overlay-opacity":"","overlay-gradient":""},"tablet":{"background-color":"","background-image":"","background-repeat":"repeat","background-position":"center center","background-size":"auto","background-attachment":"scroll","background-type":"","background-media":"","overlay-type":"","overlay-color":"","overlay-opacity":"","overlay-gradient":""},"mobile":{"background-color":"","background-image":"","background-repeat":"repeat","background-position":"center center","background-size":"auto","background-attachment":"scroll","background-type":"","background-media":"","overlay-type":"","overlay-color":"","overlay-opacity":"","overlay-gradient":""}},"ast-content-background-meta":{"desktop":{"background-color":"var(--ast-global-color-5)","background-image":"","background-repeat":"repeat","background-position":"center center","background-size":"auto","background-attachment":"scroll","background-type":"","background-media":"","overlay-type":"","overlay-color":"","overlay-opacity":"","overlay-gradient":""},"tablet":{"background-color":"var(--ast-global-color-5)","background-image":"","background-repeat":"repeat","background-position":"center center","background-size":"auto","background-attachment":"scroll","background-type":"","background-media":"","overlay-type":"","overlay-color":"","overlay-opacity":"","overlay-gradient":""},"mobile":{"background-color":"var(--ast-global-color-5)","background-image":"","background-repeat":"repeat","background-position":"center center","background-size":"auto","background-attachment":"scroll","background-type":"","background-media":"","overlay-type":"","overlay-color":"","overlay-opacity":"","overlay-gradient":""}}},"product_cat":[44],"product_tag":[],"class_list":{"0":"post-7306","1":"product","2":"type-product","3":"status-publish","4":"has-post-thumbnail","6":"product_cat-square-filter-equipment","7":"desktop-align-left","8":"tablet-align-left","9":"mobile-align-left","11":"first","12":"instock","13":"shipping-taxable","14":"product-type-simple"},"yoast_head":"<!-- This site is optimized with the Yoast SEO plugin v23.2 - https:\/\/yoast.com\/wordpress\/plugins\/seo\/ -->\n<title>Black cardboard folding machine - Dahe Intelligent filter production equipment<\/title>\n<meta name=\"robots\" content=\"index, follow, max-snippet:-1, max-image-preview:large, max-video-preview:-1\" \/>\n<link rel=\"canonical\" href=\"https:\/\/www.dahe-tal.com\/de\/produkt\/schwarze-kartonfaltmaschine\/\" \/>\n<meta property=\"og:locale\" content=\"de_DE\" \/>\n<meta property=\"og:type\" content=\"article\" \/>\n<meta property=\"og:title\" content=\"Black cardboard folding machine - Dahe Intelligent filter production equipment\" \/>\n<meta property=\"og:description\" content=\"Equipment use: The black cardboard folding machine is used for the production of 90-degree folding of the paper frame of the HEPA filter. Equipment parameters:\" \/>\n<meta property=\"og:url\" content=\"https:\/\/www.dahe-tal.com\/de\/produkt\/schwarze-kartonfaltmaschine\/\" \/>\n<meta property=\"og:site_name\" content=\"Dahe Intelligent filter production equipment\" \/>\n<meta property=\"article:modified_time\" content=\"2024-10-22T05:47:55+00:00\" \/>\n<meta property=\"og:image\" content=\"https:\/\/www.dahe-tal.com\/wp-content\/uploads\/2024\/09\/Black-cardboard-folding-machine-1.png\" \/>\n\t<meta property=\"og:image:width\" content=\"943\" \/>\n\t<meta property=\"og:image:height\" content=\"555\" \/>\n\t<meta property=\"og:image:type\" content=\"image\/png\" \/>\n<meta name=\"twitter:card\" content=\"summary_large_image\" \/>\n<meta name=\"twitter:label1\" content=\"Gesch\u00e4tzte Lesezeit\" \/>\n\t<meta name=\"twitter:data1\" content=\"1\u00a0Minute\" \/>\n<script type=\"application\/ld+json\" class=\"yoast-schema-graph\">{\"@context\":\"https:\/\/schema.org\",\"@graph\":[{\"@type\":\"WebPage\",\"@id\":\"https:\/\/www.dahe-tal.com\/product\/black-cardboard-folding-machine\/\",\"url\":\"https:\/\/www.dahe-tal.com\/product\/black-cardboard-folding-machine\/\",\"name\":\"Black cardboard folding machine - Dahe Intelligent filter production equipment\",\"isPartOf\":{\"@id\":\"https:\/\/www.dahe-tal.com\/#website\"},\"primaryImageOfPage\":{\"@id\":\"https:\/\/www.dahe-tal.com\/product\/black-cardboard-folding-machine\/#primaryimage\"},\"image\":{\"@id\":\"https:\/\/www.dahe-tal.com\/product\/black-cardboard-folding-machine\/#primaryimage\"},\"thumbnailUrl\":\"https:\/\/www.dahe-tal.com\/wp-content\/uploads\/2024\/09\/Black-cardboard-folding-machine-1.png\",\"datePublished\":\"2024-09-23T08:46:36+00:00\",\"dateModified\":\"2024-10-22T05:47:55+00:00\",\"breadcrumb\":{\"@id\":\"https:\/\/www.dahe-tal.com\/product\/black-cardboard-folding-machine\/#breadcrumb\"},\"inLanguage\":\"de\",\"potentialAction\":[{\"@type\":\"ReadAction\",\"target\":[\"https:\/\/www.dahe-tal.com\/product\/black-cardboard-folding-machine\/\"]}]},{\"@type\":\"ImageObject\",\"inLanguage\":\"de\",\"@id\":\"https:\/\/www.dahe-tal.com\/product\/black-cardboard-folding-machine\/#primaryimage\",\"url\":\"https:\/\/www.dahe-tal.com\/wp-content\/uploads\/2024\/09\/Black-cardboard-folding-machine-1.png\",\"contentUrl\":\"https:\/\/www.dahe-tal.com\/wp-content\/uploads\/2024\/09\/Black-cardboard-folding-machine-1.png\",\"width\":943,\"height\":555,\"caption\":\"Black cardboard folding machine\"},{\"@type\":\"BreadcrumbList\",\"@id\":\"https:\/\/www.dahe-tal.com\/product\/black-cardboard-folding-machine\/#breadcrumb\",\"itemListElement\":[{\"@type\":\"ListItem\",\"position\":1,\"name\":\"Home\",\"item\":\"https:\/\/www.dahe-tal.com\/\"},{\"@type\":\"ListItem\",\"position\":2,\"name\":\"Products\",\"item\":\"https:\/\/www.dahe-tal.com\/shop__trashed\/\"},{\"@type\":\"ListItem\",\"position\":3,\"name\":\"Black cardboard folding machine\"}]},{\"@type\":\"WebSite\",\"@id\":\"https:\/\/www.dahe-tal.com\/#website\",\"url\":\"https:\/\/www.dahe-tal.com\/\",\"name\":\"Dahe Intelligent filter production equipment\",\"description\":\"\",\"publisher\":{\"@id\":\"https:\/\/www.dahe-tal.com\/#organization\"},\"potentialAction\":[{\"@type\":\"SearchAction\",\"target\":{\"@type\":\"EntryPoint\",\"urlTemplate\":\"https:\/\/www.dahe-tal.com\/?s={search_term_string}\"},\"query-input\":\"required name=search_term_string\"}],\"inLanguage\":\"de\"},{\"@type\":\"Organization\",\"@id\":\"https:\/\/www.dahe-tal.com\/#organization\",\"name\":\"Dahe Intelligent filter production equipment\",\"url\":\"https:\/\/www.dahe-tal.com\/\",\"logo\":{\"@type\":\"ImageObject\",\"inLanguage\":\"de\",\"@id\":\"https:\/\/www.dahe-tal.com\/#\/schema\/logo\/image\/\",\"url\":\"https:\/\/www.dahe-tal.com\/wp-content\/uploads\/2024\/07\/\u56fe\u72471-1.jpg\",\"contentUrl\":\"https:\/\/www.dahe-tal.com\/wp-content\/uploads\/2024\/07\/\u56fe\u72471-1.jpg\",\"width\":1042,\"height\":386,\"caption\":\"Dahe Intelligent filter production equipment\"},\"image\":{\"@id\":\"https:\/\/www.dahe-tal.com\/#\/schema\/logo\/image\/\"}}]}<\/script>\n<!-- \/ Yoast SEO plugin. -->","yoast_head_json":{"title":"Black cardboard folding machine - Dahe Intelligent filter production equipment","robots":{"index":"index","follow":"follow","max-snippet":"max-snippet:-1","max-image-preview":"max-image-preview:large","max-video-preview":"max-video-preview:-1"},"canonical":"https:\/\/www.dahe-tal.com\/de\/produkt\/schwarze-kartonfaltmaschine\/","og_locale":"de_DE","og_type":"article","og_title":"Black cardboard folding machine - Dahe Intelligent filter production equipment","og_description":"Equipment use: The black cardboard folding machine is used for the production of 90-degree folding of the paper frame of the HEPA filter. Equipment parameters:","og_url":"https:\/\/www.dahe-tal.com\/de\/produkt\/schwarze-kartonfaltmaschine\/","og_site_name":"Dahe Intelligent filter production equipment","article_modified_time":"2024-10-22T05:47:55+00:00","og_image":[{"width":943,"height":555,"url":"https:\/\/www.dahe-tal.com\/wp-content\/uploads\/2024\/09\/Black-cardboard-folding-machine-1.png","type":"image\/png"}],"twitter_card":"summary_large_image","twitter_misc":{"Gesch\u00e4tzte Lesezeit":"1\u00a0Minute"},"schema":{"@context":"https:\/\/schema.org","@graph":[{"@type":"WebPage","@id":"https:\/\/www.dahe-tal.com\/product\/black-cardboard-folding-machine\/","url":"https:\/\/www.dahe-tal.com\/product\/black-cardboard-folding-machine\/","name":"Black cardboard folding machine - Dahe Intelligent filter production equipment","isPartOf":{"@id":"https:\/\/www.dahe-tal.com\/#website"},"primaryImageOfPage":{"@id":"https:\/\/www.dahe-tal.com\/product\/black-cardboard-folding-machine\/#primaryimage"},"image":{"@id":"https:\/\/www.dahe-tal.com\/product\/black-cardboard-folding-machine\/#primaryimage"},"thumbnailUrl":"https:\/\/www.dahe-tal.com\/wp-content\/uploads\/2024\/09\/Black-cardboard-folding-machine-1.png","datePublished":"2024-09-23T08:46:36+00:00","dateModified":"2024-10-22T05:47:55+00:00","breadcrumb":{"@id":"https:\/\/www.dahe-tal.com\/product\/black-cardboard-folding-machine\/#breadcrumb"},"inLanguage":"de","potentialAction":[{"@type":"ReadAction","target":["https:\/\/www.dahe-tal.com\/product\/black-cardboard-folding-machine\/"]}]},{"@type":"ImageObject","inLanguage":"de","@id":"https:\/\/www.dahe-tal.com\/product\/black-cardboard-folding-machine\/#primaryimage","url":"https:\/\/www.dahe-tal.com\/wp-content\/uploads\/2024\/09\/Black-cardboard-folding-machine-1.png","contentUrl":"https:\/\/www.dahe-tal.com\/wp-content\/uploads\/2024\/09\/Black-cardboard-folding-machine-1.png","width":943,"height":555,"caption":"Black cardboard folding machine"},{"@type":"BreadcrumbList","@id":"https:\/\/www.dahe-tal.com\/product\/black-cardboard-folding-machine\/#breadcrumb","itemListElement":[{"@type":"ListItem","position":1,"name":"Home","item":"https:\/\/www.dahe-tal.com\/"},{"@type":"ListItem","position":2,"name":"Products","item":"https:\/\/www.dahe-tal.com\/shop__trashed\/"},{"@type":"ListItem","position":3,"name":"Black cardboard folding machine"}]},{"@type":"WebSite","@id":"https:\/\/www.dahe-tal.com\/#website","url":"https:\/\/www.dahe-tal.com\/","name":"Dahe Intelligent filter production equipment","description":"","publisher":{"@id":"https:\/\/www.dahe-tal.com\/#organization"},"potentialAction":[{"@type":"SearchAction","target":{"@type":"EntryPoint","urlTemplate":"https:\/\/www.dahe-tal.com\/?s={search_term_string}"},"query-input":"required name=search_term_string"}],"inLanguage":"de"},{"@type":"Organization","@id":"https:\/\/www.dahe-tal.com\/#organization","name":"Dahe Intelligent filter production equipment","url":"https:\/\/www.dahe-tal.com\/","logo":{"@type":"ImageObject","inLanguage":"de","@id":"https:\/\/www.dahe-tal.com\/#\/schema\/logo\/image\/","url":"https:\/\/www.dahe-tal.com\/wp-content\/uploads\/2024\/07\/\u56fe\u72471-1.jpg","contentUrl":"https:\/\/www.dahe-tal.com\/wp-content\/uploads\/2024\/07\/\u56fe\u72471-1.jpg","width":1042,"height":386,"caption":"Dahe Intelligent filter production equipment"},"image":{"@id":"https:\/\/www.dahe-tal.com\/#\/schema\/logo\/image\/"}}]}},"_links":{"self":[{"href":"https:\/\/www.dahe-tal.com\/de\/wp-json\/wp\/v2\/product\/7306","targetHints":{"allow":["GET"]}}],"collection":[{"href":"https:\/\/www.dahe-tal.com\/de\/wp-json\/wp\/v2\/product"}],"about":[{"href":"https:\/\/www.dahe-tal.com\/de\/wp-json\/wp\/v2\/types\/product"}],"replies":[{"embeddable":true,"href":"https:\/\/www.dahe-tal.com\/de\/wp-json\/wp\/v2\/comments?post=7306"}],"version-history":[{"count":3,"href":"https:\/\/www.dahe-tal.com\/de\/wp-json\/wp\/v2\/product\/7306\/revisions"}],"predecessor-version":[{"id":8045,"href":"https:\/\/www.dahe-tal.com\/de\/wp-json\/wp\/v2\/product\/7306\/revisions\/8045"}],"wp:featuredmedia":[{"embeddable":true,"href":"https:\/\/www.dahe-tal.com\/de\/wp-json\/wp\/v2\/media\/7309"}],"wp:attachment":[{"href":"https:\/\/www.dahe-tal.com\/de\/wp-json\/wp\/v2\/media?parent=7306"}],"wp:term":[{"taxonomy":"product_cat","embeddable":true,"href":"https:\/\/www.dahe-tal.com\/de\/wp-json\/wp\/v2\/product_cat?post=7306"},{"taxonomy":"product_tag","embeddable":true,"href":"https:\/\/www.dahe-tal.com\/de\/wp-json\/wp\/v2\/product_tag?post=7306"}],"curies":[{"name":"wp","href":"https:\/\/api.w.org\/{rel}","templated":true}]}}